{"id":1186,"date":"2019-04-12T14:37:16","date_gmt":"2019-04-12T12:37:16","guid":{"rendered":"https:\/\/buerovier.eu\/?page_id=1186"},"modified":"2019-04-12T14:41:13","modified_gmt":"2019-04-12T12:41:13","slug":"impressum","status":"publish","type":"page","link":"https:\/\/buerovier.eu\/?page_id=1186","title":{"rendered":"Impressum"},"content":{"rendered":"<div class=\"fusion-fullwidth fullwidth-box fusion-builder-row-1 nonhundred-percent-fullwidth non-hundred-percent-height-scrolling\" style=\"background-color: rgba(255,255,255,0);background-position: center center;background-repeat: no-repeat;padding-top:0px;padding-right:30px;padding-bottom:0px;padding-left:30px;margin-bottom: 0px;margin-top: 0px;border-width: 0px 0px 0px 0px;border-color:#eae9e9;border-style:solid;\" ><div class=\"fusion-builder-row fusion-row\"><div class=\"fusion-layout-column fusion_builder_column fusion-builder-column-0 fusion_builder_column_1_1 1_1 fusion-one-full fusion-column-first fusion-column-last\" style=\"margin-top:0px;margin-bottom:20px;\"><div class=\"fusion-column-wrapper fusion-flex-column-wrapper-legacy\" style=\"background-position:left top;background-repeat:no-repeat;-webkit-background-size:cover;-moz-background-size:cover;-o-background-size:cover;background-size:cover;padding: 0px 0px 0px 0px;\"><div class=\"fusion-text fusion-text-1\"><h2>Impressum<\/h2>\n<p>b\u00fcrovier<br \/>\nAgentur f\u00fcr Kommunikation<\/p>\n<p>Haus des Handwerks<br \/>\nLiebenhaller Str. 11<br \/>\nD38259 Salzgitter<\/p>\n<p>petra.nowacki@gmx.de<br \/>\n+49 (0)172-726 560 8<\/p>\n<p>Steuer Nummer: 51\/131\/14339<\/p>\n<p><strong>Disclaimer:<\/strong><br \/>\nMit Urteil vom 12. Mai 1998 hat das Landgericht Hamburg entschieden, da\u00df man durch die Ausbringung eines Links die Inhalte der gelinkten Seite ggf. mit zu verantworten hat.<\/p>\n<p>Dies kann \u2013 so das LG \u2013 nur dadurch verhindert werden, dass man sich ausdr\u00fccklich von diesen Inhalten distanziert.<\/p>\n<p>Wir haben auf unseren Seiten Links zu anderen Seiten im Internet gelegt. F\u00fcr all diese Links gilt: Wir m\u00f6chten ausdr\u00fccklich betonen, da\u00df wir keinerlei Einflu\u00df auf die Gestaltung und die Inhalte der gelinkten Seiten haben.<\/p>\n<p>Deshalb distanzieren wir uns hiermit ausdr\u00fccklich von allen Inhalten aller gelinkten Seiten auf unserer Homepage.<\/p>\n<\/div><div class=\"fusion-clearfix\"><\/div><\/div><\/div><\/div><\/div>\n","protected":false},"excerpt":{"rendered":"","protected":false},"author":1,"featured_media":0,"parent":0,"menu_order":0,"comment_status":"closed","ping_status":"closed","template":"","meta":[],"yoast_head":"<!-- This site is optimized with the Yoast SEO plugin v20.0 - https:\/\/yoast.com\/wordpress\/plugins\/seo\/ -->\n<title>Impressum - b\u00fcrovier<\/title>\n<meta name=\"description\" content=\"Aus meiner Arbeit mit internationalen Brands aus \u00fcber 900 erfolgreichen Seminaren in Deutschland, \u00d6sterreich und der Schweiz ist meine Schatztruhe f\u00fcr Sie gef\u00fcllt, um Ihr ma\u00dfgeschneidertes Seminarkonzept oder Einzelcoaching zu designen und durchzuf\u00fchren.\" \/>\n<meta name=\"robots\" content=\"index, follow, max-snippet:-1, max-image-preview:large, max-video-preview:-1\" \/>\n<link rel=\"canonical\" href=\"https:\/\/buerovier.eu\/?page_id=1186\" \/>\n<meta property=\"og:locale\" content=\"de_DE\" \/>\n<meta property=\"og:type\" content=\"article\" \/>\n<meta property=\"og:title\" content=\"Impressum - b\u00fcrovier\" \/>\n<meta property=\"og:description\" content=\"Aus meiner Arbeit mit internationalen Brands aus \u00fcber 900 erfolgreichen Seminaren in Deutschland, \u00d6sterreich und der Schweiz ist meine Schatztruhe f\u00fcr Sie gef\u00fcllt, um Ihr ma\u00dfgeschneidertes Seminarkonzept oder Einzelcoaching zu designen und durchzuf\u00fchren.\" \/>\n<meta property=\"og:url\" content=\"https:\/\/buerovier.eu\/?page_id=1186\" \/>\n<meta property=\"og:site_name\" content=\"b\u00fcrovier\" \/>\n<meta property=\"article:modified_time\" content=\"2019-04-12T12:41:13+00:00\" \/>\n<meta name=\"twitter:card\" content=\"summary_large_image\" \/>\n<meta name=\"twitter:label1\" content=\"Gesch\u00e4tzte Lesezeit\" \/>\n\t<meta name=\"twitter:data1\" content=\"2\u00a0Minuten\" \/>\n<script type=\"application\/ld+json\" class=\"yoast-schema-graph\">{\"@context\":\"https:\/\/schema.org\",\"@graph\":[{\"@type\":\"WebPage\",\"@id\":\"https:\/\/buerovier.eu\/?page_id=1186\",\"url\":\"https:\/\/buerovier.eu\/?page_id=1186\",\"name\":\"Impressum - b\u00fcrovier\",\"isPartOf\":{\"@id\":\"https:\/\/buerovier.eu\/#website\"},\"datePublished\":\"2019-04-12T12:37:16+00:00\",\"dateModified\":\"2019-04-12T12:41:13+00:00\",\"description\":\"Aus meiner Arbeit mit internationalen Brands aus \u00fcber 900 erfolgreichen Seminaren in Deutschland, \u00d6sterreich und der Schweiz ist meine Schatztruhe f\u00fcr Sie gef\u00fcllt, um Ihr ma\u00dfgeschneidertes Seminarkonzept oder Einzelcoaching zu designen und durchzuf\u00fchren.\",\"breadcrumb\":{\"@id\":\"https:\/\/buerovier.eu\/?page_id=1186#breadcrumb\"},\"inLanguage\":\"de\",\"potentialAction\":[{\"@type\":\"ReadAction\",\"target\":[\"https:\/\/buerovier.eu\/?page_id=1186\"]}]},{\"@type\":\"BreadcrumbList\",\"@id\":\"https:\/\/buerovier.eu\/?page_id=1186#breadcrumb\",\"itemListElement\":[{\"@type\":\"ListItem\",\"position\":1,\"name\":\"Startseite\",\"item\":\"https:\/\/buerovier.eu\/\"},{\"@type\":\"ListItem\",\"position\":2,\"name\":\"Impressum\"}]},{\"@type\":\"WebSite\",\"@id\":\"https:\/\/buerovier.eu\/#website\",\"url\":\"https:\/\/buerovier.eu\/\",\"name\":\"b\u00fcrovier\",\"description\":\"Agentur f\u00fcr Kommunikation\",\"potentialAction\":[{\"@type\":\"SearchAction\",\"target\":{\"@type\":\"EntryPoint\",\"urlTemplate\":\"https:\/\/buerovier.eu\/?s={search_term_string}\"},\"query-input\":\"required name=search_term_string\"}],\"inLanguage\":\"de\"}]}<\/script>\n<!-- \/ Yoast SEO plugin. -->","yoast_head_json":{"title":"Impressum - b\u00fcrovier","description":"Aus meiner Arbeit mit internationalen Brands aus \u00fcber 900 erfolgreichen Seminaren in Deutschland, \u00d6sterreich und der Schweiz ist meine Schatztruhe f\u00fcr Sie gef\u00fcllt, um Ihr ma\u00dfgeschneidertes Seminarkonzept oder Einzelcoaching zu designen und durchzuf\u00fchren.","robots":{"index":"index","follow":"follow","max-snippet":"max-snippet:-1","max-image-preview":"max-image-preview:large","max-video-preview":"max-video-preview:-1"},"canonical":"https:\/\/buerovier.eu\/?page_id=1186","og_locale":"de_DE","og_type":"article","og_title":"Impressum - b\u00fcrovier","og_description":"Aus meiner Arbeit mit internationalen Brands aus \u00fcber 900 erfolgreichen Seminaren in Deutschland, \u00d6sterreich und der Schweiz ist meine Schatztruhe f\u00fcr Sie gef\u00fcllt, um Ihr ma\u00dfgeschneidertes Seminarkonzept oder Einzelcoaching zu designen und durchzuf\u00fchren.","og_url":"https:\/\/buerovier.eu\/?page_id=1186","og_site_name":"b\u00fcrovier","article_modified_time":"2019-04-12T12:41:13+00:00","twitter_card":"summary_large_image","twitter_misc":{"Gesch\u00e4tzte Lesezeit":"2\u00a0Minuten"},"schema":{"@context":"https:\/\/schema.org","@graph":[{"@type":"WebPage","@id":"https:\/\/buerovier.eu\/?page_id=1186","url":"https:\/\/buerovier.eu\/?page_id=1186","name":"Impressum - b\u00fcrovier","isPartOf":{"@id":"https:\/\/buerovier.eu\/#website"},"datePublished":"2019-04-12T12:37:16+00:00","dateModified":"2019-04-12T12:41:13+00:00","description":"Aus meiner Arbeit mit internationalen Brands aus \u00fcber 900 erfolgreichen Seminaren in Deutschland, \u00d6sterreich und der Schweiz ist meine Schatztruhe f\u00fcr Sie gef\u00fcllt, um Ihr ma\u00dfgeschneidertes Seminarkonzept oder Einzelcoaching zu designen und durchzuf\u00fchren.","breadcrumb":{"@id":"https:\/\/buerovier.eu\/?page_id=1186#breadcrumb"},"inLanguage":"de","potentialAction":[{"@type":"ReadAction","target":["https:\/\/buerovier.eu\/?page_id=1186"]}]},{"@type":"BreadcrumbList","@id":"https:\/\/buerovier.eu\/?page_id=1186#breadcrumb","itemListElement":[{"@type":"ListItem","position":1,"name":"Startseite","item":"https:\/\/buerovier.eu\/"},{"@type":"ListItem","position":2,"name":"Impressum"}]},{"@type":"WebSite","@id":"https:\/\/buerovier.eu\/#website","url":"https:\/\/buerovier.eu\/","name":"b\u00fcrovier","description":"Agentur f\u00fcr Kommunikation","potentialAction":[{"@type":"SearchAction","target":{"@type":"EntryPoint","urlTemplate":"https:\/\/buerovier.eu\/?s={search_term_string}"},"query-input":"required name=search_term_string"}],"inLanguage":"de"}]}},"_links":{"self":[{"href":"https:\/\/buerovier.eu\/index.php?rest_route=\/wp\/v2\/pages\/1186"}],"collection":[{"href":"https:\/\/buerovier.eu\/index.php?rest_route=\/wp\/v2\/pages"}],"about":[{"href":"https:\/\/buerovier.eu\/index.php?rest_route=\/wp\/v2\/types\/page"}],"author":[{"embeddable":true,"href":"https:\/\/buerovier.eu\/index.php?rest_route=\/wp\/v2\/users\/1"}],"replies":[{"embeddable":true,"href":"https:\/\/buerovier.eu\/index.php?rest_route=%2Fwp%2Fv2%2Fcomments&post=1186"}],"version-history":[{"count":2,"href":"https:\/\/buerovier.eu\/index.php?rest_route=\/wp\/v2\/pages\/1186\/revisions"}],"predecessor-version":[{"id":1190,"href":"https:\/\/buerovier.eu\/index.php?rest_route=\/wp\/v2\/pages\/1186\/revisions\/1190"}],"wp:attachment":[{"href":"https:\/\/buerovier.eu\/index.php?rest_route=%2Fwp%2Fv2%2Fmedia&parent=1186"}],"curies":[{"name":"wp","href":"https:\/\/api.w.org\/{rel}","templated":true}]}}